{"id":4742,"date":"2016-03-29T17:08:03","date_gmt":"2016-03-29T17:08:03","guid":{"rendered":"http:\/\/berliner-liste.com\/de\/?page_id=4742"},"modified":"2017-07-12T17:38:37","modified_gmt":"2017-07-12T17:38:37","slug":"werbepauschale","status":"publish","type":"page","link":"https:\/\/discoveryartfair.com\/de\/werbepauschale\/","title":{"rendered":"Werbepauschale"},"content":{"rendered":"<h1 class=\"main entry-title\">Werbepauschale <\/h1>\n<p>Was n\u00fctzt die beste Messe, wenn keiner davon wei\u00df? Wir r\u00fchren die Werbetrommel und machen die BERLINER LISTE zum Stadtgespr\u00e4ch. <\/p>\n<p>Zu unseren Marketing- und PR-Aktivit\u00e4ten geh\u00f6ren: <\/p>\n<ul>\n<li>Plakatierung und Flyerverteilung an relevanten Standorten<\/li>\n<li>Versand von Newslettern an \u00fcber 80.000 Abonnenten \u00fcber den internationalen Verteiler retitle und unseren eigenen Verteiler<\/li>\n<li>Versand von Einladungen an unseren VIP-Verteiler mit Sammlern, Kuratoren, Entscheidungstr\u00e4gern und Multiplikatoren<\/li>\n<li>Anzeigenschaltung in Kunst-Fachmagazinen, Stadtmagazinen und anderen relevanten Medien<\/li>\n<li>intensive redaktionelle Pressearbeit<\/li>\n<li>tragf\u00e4hige Medienpartnerschaften<\/li>\n<\/ul>\n<p>Und damit auch unsere Aussteller das Beste aus ihrem Stand machen k\u00f6nnen, stellen wir diverse Werbemittel wie Plakate, kostenlose Einladungen, Flyer und Gadgets wie Aufkleber; PINs und Schl\u00fcsselanh\u00e4nger zur Verf\u00fcgung.<\/p>\n<div class=\"separator\"><\/div>\n","protected":false},"excerpt":{"rendered":"<p>Werbepauschale Was n\u00fctzt die beste Messe, wenn keiner davon wei\u00df? Wir r\u00fchren die Werbetrommel und machen die BERLINER LISTE zum Stadtgespr\u00e4ch. Zu unseren Marketing- und PR-Aktivit\u00e4ten geh\u00f6ren: Plakatierung und Flyerverteilung an relevanten Standorten Versand von Newslettern an \u00fcber 80.000 Abonnenten \u00fcber den internationalen Verteiler retitle und unseren eigenen Verteiler Versand von Einladungen an unseren VIP-Verteiler [&hellip;]<\/p>\n","protected":false},"author":1,"featured_media":0,"parent":0,"menu_order":0,"comment_status":"closed","ping_status":"closed","template":"","meta":{"footnotes":""},"_links":{"self":[{"href":"https:\/\/discoveryartfair.com\/de\/wp-json\/wp\/v2\/pages\/4742"}],"collection":[{"href":"https:\/\/discoveryartfair.com\/de\/wp-json\/wp\/v2\/pages"}],"about":[{"href":"https:\/\/discoveryartfair.com\/de\/wp-json\/wp\/v2\/types\/page"}],"author":[{"embeddable":true,"href":"https:\/\/discoveryartfair.com\/de\/wp-json\/wp\/v2\/users\/1"}],"replies":[{"embeddable":true,"href":"https:\/\/discoveryartfair.com\/de\/wp-json\/wp\/v2\/comments?post=4742"}],"version-history":[{"count":1,"href":"https:\/\/discoveryartfair.com\/de\/wp-json\/wp\/v2\/pages\/4742\/revisions"}],"predecessor-version":[{"id":6934,"href":"https:\/\/discoveryartfair.com\/de\/wp-json\/wp\/v2\/pages\/4742\/revisions\/6934"}],"wp:attachment":[{"href":"https:\/\/discoveryartfair.com\/de\/wp-json\/wp\/v2\/media?parent=4742"}],"curies":[{"name":"wp","href":"https:\/\/api.w.org\/{rel}","templated":true}]}}