{"id":4497,"date":"2016-02-23T13:50:20","date_gmt":"2016-02-23T13:50:20","guid":{"rendered":"http:\/\/berliner-liste.com\/de\/home\/"},"modified":"2026-02-21T22:38:13","modified_gmt":"2026-02-21T22:38:13","slug":"home","status":"publish","type":"page","link":"https:\/\/discoveryartfair.com\/de\/","title":{"rendered":"Home"},"content":{"rendered":"<div aria-live=\"polite\" id=\"soliloquy-container-8705\" class=\"soliloquy-container soliloquy-transition-fade  soliloquy-theme-classic\" style=\"max-width:1140px;max-height:600px;\">\n<ul id=\"soliloquy-8705\" class=\"soliloquy-slider soliloquy-slides soliloquy-wrap soliloquy-clear\">\n<li aria-hidden=\"true\" class=\"soliloquy-item soliloquy-item-1 soliloquy-image-slide\" draggable=\"false\" style=\"list-style:none\"><img decoding=\"async\" id=\"soliloquy-image-11229\" class=\"soliloquy-image soliloquy-image-1\" src=\"https:\/\/discoveryartfair.com\/wp-content\/uploads\/2025\/06\/Discovery-Art-Fair-Cologne-2026-1.jpg\" alt=\"Messest\u00e4nde in der Veranstaltungshalle XPOST K\u00f6ln bei der Kunstmesse Discovery Art Fair, einer Entdeckermesse f\u00fcr bezahlbare, zeitgen\u00f6ssische Kunst\" \/><\/li>\n<li aria-hidden=\"true\" class=\"soliloquy-item soliloquy-item-2 soliloquy-image-slide\" draggable=\"false\" style=\"list-style:none\"><img decoding=\"async\" id=\"soliloquy-image-11432\" class=\"soliloquy-image soliloquy-image-2\" src=\"https:\/\/discoveryartfair.com\/wp-content\/uploads\/2025\/11\/Discovery-Art-Fair-Frankfurt_Messe-Frankfurt_Halle-1.jpg\" alt=\"Gro\u00dfe Messehalle der Discovery Art Fair Frankfurt mit zahlreichen Kunstst\u00e4nden und modernen Kunstwerken, Kunstmesse in Frankfurt f\u00fcr zeitgen\u00f6ssische Kunst und internationale K\u00fcnstler.\" \/><\/li>\n<\/ul>\n<\/div>\n<p><noscript><\/p>\n<style type=\"text\/css\">#soliloquy-container-8705{opacity:1}<\/style>\n<p><\/noscript><\/p>\n<h1 class=\"main entry-title\">Discovery Art Fair &#8211; Die Kunstmesse f\u00fcr Entdecker<\/h1>\n<h1 class=\"main entry-title\"><a href=\"https:\/\/discoveryartfair.com\/de\/fairs\/koeln\/\"><strong>Discovery Art Fair Cologne &#8211; XPOST K\u00f6ln<\/strong><\/a><\/h1>\n<h2 class=\"sub\">24. \u2013 26. April 2026 | Opening 23. April 2026<br \/>\nFreitag \u2013 Samstag: 11:00 bis 20:00 Uhr | Sonntag: 11:00 bis 18:00 Uhr<\/p>\n<p>Einfach, schnell und bequem &#8211; <a href=\"https:\/\/discoveryartfair.com\/de\/fairs\/koeln\/online-tickets\/\"><strong>HIER geht es zu unseren Online-Tickets.<\/strong><\/a><\/h2>\n<h1 class=\"main entry-title\"><a href=\"https:\/\/discoveryartfair.com\/de\/fairs\/frankfurt\/\"><strong>Discovery Art Fair Frankfurt &#8211; Messe Frankfurt<\/strong><\/a><\/h1>\n<h2 class=\"sub\">Save the Date | 30. Oktober \u2013 1. November 2026 | Opening 29. Oktober 2026<\/p>\n<p>Die <a href=\"https:\/\/discoveryartfair.com\/de\/fairs\/koeln\"><strong>Discovery Art Fair Cologne<\/strong><\/a> (ehemals K\u00d6LNER LISTE) und die <a href=\"https:\/\/discoveryartfair.com\/de\/fairs\/frankfurt\"><strong>Discovery Art Fair Frankfurt<\/strong><\/a> sind j\u00e4hrlich stattfindende Entdeckermessen f\u00fcr internationale zeitgen\u00f6ssische Kunst.<\/p>\n<p>Unsere Messen haben es sich zum Ziel gesetzt, <strong>junge, frische Kunst<\/strong> zu pr\u00e4sentieren und neue Zielgruppen f\u00fcr zeitgen\u00f6ssische Kunst zu begeistern und das jenseits der elit\u00e4ren Kunstmessen mit spekulativer Preisgestaltung.\u00a0Unsere <strong>Kunstmesse<\/strong> befriedigt die Neugier der Besucher nach neuen Trends, neuen Gesichtern und neuen Positionen.<\/p>\n<p>Wir legen Wert auf den offenen Austausch zwischen Besuchern, K\u00fcnstlern und Galeristen. Die Messen bieten den Besuchern ein abwechslungsreiches (Kunst-) Erlebnis jenseits des Musealen und des Alltags. Pro Messe nehmen mehr als <strong>100 internationale Galerien, K\u00fcnstler und Projektr\u00e4ume<\/strong> teil und pr\u00e4sentieren sich mehr als 15.000 kunstinteressierten Besuchern.<\/p>\n<p><strong>Das Besondere der Messen<\/strong>: Es stellen K\u00fcnstler, Galerien und Projektr\u00e4ume gleichberechtigt nebeneinander aus. Genau das richtige Umfeld um das neue Lieblingswerk zu einem (noch) gem\u00e4\u00dfigten Preis zu entdecken.<\/p>\n<h2 class=\"main\">Kunstmessen 2026<\/h2>\n<div class=\"row\">\n<div class=\"col-md-4 col-sm-4\"><a href=\"https:\/\/discoveryartfair.com\/de\/fairs\/koeln\" class=\"fairlink \"><\/p>\n<div class=\"fair\" style=\"background-image:url(https:\/\/discoveryartfair.com\/wp-content\/uploads\/2017\/07\/fair-Cologne.jpg); background-repeat:no-repeat; background-size:cover;\">\n<h1>Cologne<\/h1>\n<h2><\/h2>\n<\/div>\n<p><\/a><\/div>\n<div class=\"col-md-4 col-sm-4\"><a href=\"https:\/\/discoveryartfair.com\/de\/fairs\/frankfurt\" class=\"fairlink \"><\/p>\n<div class=\"fair\" style=\"background-image:url(https:\/\/discoveryartfair.com\/wp-content\/uploads\/2017\/07\/fair-Frankfurt.jpg); background-repeat:no-repeat; background-size:cover;\">\n<h1>Frankfurt<\/h1>\n<h2><\/h2>\n<\/div>\n<p><\/a><\/div>\n<\/div>\n<div class=\"separator\"><\/div>\n<h2 class=\"main\">Pressestimmen<\/h2>\n<ul id=\"slidebx\">\n<div class=\"quote\">\n<div class=\"text col-sm-12\">Auf 4000 Quadratmeter Ausstellungsfl\u00e4che pr\u00e4sentiert sich Kunst frisch, frech, ambitioniert und ausgesprochen abwechslungsreich.<\/div>\n<div class=\"source col-sm-12\">K\u00f6lnische Rundschau<\/div>\n<\/div>\n<div class=\"quote\">\n<div class=\"text col-sm-12\">Gegen\u00fcber der in die Jahre gekommenen &#8222;art cologne&#8220;, ist die \u2033discovery art fair&#8220; eine Kunstrakete.<\/div>\n<div class=\"source col-sm-12\">Kunstmagazin K\u00f6llefornia<\/div>\n<\/div>\n<div class=\"quote\">\n<div class=\"text col-sm-12\">Jetzt macht eine \u201eEntdeckermesse\u201c Lust auf junge Gegenwartskunst zu \u2013 noch &#8211; erschwinglichen Preisen. Oder kurz: Sammeln f\u00fcr alle.<\/div>\n<div class=\"source col-sm-12\">Kunstmagazin art kaleidoscope<\/div>\n<\/div>\n<div class=\"quote\">\n<div class=\"text col-sm-12\">Kunst soll Spa\u00df machen, sinnlich sein und gern auch mal verr\u00fcckt: Wer das Au\u00dfergew\u00f6hnliche sucht, f\u00fcr den k\u00f6nnte es sich lohnen, [\u2026] die neue Frankfurter Kunstmesse zu besuchen.<\/div>\n<div class=\"source col-sm-12\">Frankfurter Neue Presse<\/div>\n<\/div>\n<div class=\"quote\">\n<div class=\"text col-sm-12\">Der Erfolg [&#8230;] ist nicht nur der niedrigen Schwelle des Angebots geschuldet, sondern auch dem einzigartigen Konzept: Neben einer klassischen Sektion mit Galerien und Projektr\u00e4umen d\u00fcrfen sich auch Einzelk\u00fcnstler mit ihrem Werk pr\u00e4sentieren.<\/div>\n<div class=\"source col-sm-12\">Handelsblatt<\/div>\n<\/div>\n<div class=\"quote\">\n<div class=\"text col-sm-12\">Am Puls aktueller Entwicklungen des Kunstmarktes bietet sie (die Discovery Art Fair) unmittelbaren Zugang zu j\u00fcngst entstandenen Werken.<\/div>\n<div class=\"source col-sm-12\">kunst:art<\/div>\n<\/div>\n<div class=\"quote\">\n<div class=\"text col-sm-12\">Anders als bei der Art Cologne hat man auf der K\u00f6lner Liste die M\u00f6glichkeit, nicht nur exklusive Kunstwerke zu sehen, sondern auch neue Kunst zu kleinen Preisen zu erwerben.<\/div>\n<div class=\"source col-sm-12\">Zeitkunst<\/div>\n<\/div>\n<div class=\"quote\">\n<div class=\"text col-sm-12\">Die Halle war rappelvoll. Kunst hing an Kunst, dicht gedr\u00e4ngt. Kubistisches neben Fotografie, dreidimensionaler Wandschmuck vis \u00e0 vis von tiefblauen Cyanotypien, Streetart unweit von Picasso-Apologeten und Basquiat-Nachfolgern. Wunderbar. [\u2026] Die \u201eK\u00f6lner Liste\u201c ist eine der erfolgreichsten neuen Ausstellungen in der Kunststadt am Rhein. Mehr Messe als Schau, gekauft wird wie verr\u00fcckt. Junges Publikum, viele Galeristen, selbstbewusste K\u00fcnstler.<\/div>\n<div class=\"source col-sm-12\">S\u00fcddeutsche Zeitung<\/div>\n<\/div>\n<div class=\"quote\">\n<div class=\"text col-sm-12\">Ein innovatives Konzept, viel Platz f\u00fcr zeitgen\u00f6ssische, bezahlbare Kunst im stilvollen Ambiente des historischen ehemaligen Postbahnhofs XPost in der K\u00f6lner Innenstadt: So pr\u00e4sentiert sich die K\u00f6lner Liste 2017.<\/div>\n<div class=\"source col-sm-12\">Kunnst<\/div>\n<\/div>\n<div class=\"quote\">\n<div class=\"text col-sm-12\">Sie hat sich l\u00e4ngst als Satellitenmesse der Art Cologne etabliert: die K\u00d6LNER LISTE.<\/div>\n<div class=\"source col-sm-12\">Kulturletter K\u00f6ln<\/div>\n<\/div>\n<div class=\"quote\">\n<div class=\"text col-sm-12\">Die Qualit\u00e4t einer k\u00fcnstlerischen Arbeit l\u00e4sst sich nicht nur von ihrem Preis ableiten. Oft sind es junge noch nicht etablierte K\u00fcnstler, die au\u00dfergew\u00f6hnliche Kompositionen schaffen. Diese Arbeiten aufstrebender internationaler Kunstschaffender zu erschwinglichen Preisen pr\u00e4sentiert die 13. Berliner Liste.<\/div>\n<div class=\"source col-sm-12\">Der Kunsthandel<\/div>\n<\/div>\n<div class=\"quote\">\n<div class=\"text col-sm-12\">Hier wird Kunst zu moderaten Preisen verkauft und aufstrebenden K\u00fcnstlern ein Platz f\u00fcr Experimente geboten.<\/div>\n<div class=\"source col-sm-12\">Kulturnews<\/div>\n<\/div>\n<div class=\"quote\">\n<div class=\"text col-sm-12\">Mit feinem Gesp\u00fcr haben die Macher K\u00fcnstler und Galerien eingeladen. Der Fokus liegt eindeutig auf der europ\u00e4ischen Kunst, aber es finden sich auch St\u00fccke aus Taipeh oder Los Angeles.<\/div>\n<div class=\"source col-sm-12\">Sleaze Magazin<\/div>\n<\/div>\n<div class=\"quote\">\n<div class=\"text col-sm-12\">Die Berliner Liste vereint Galerien und Einzelk\u00fcnstler unter einem Dach und gibt ihnen eine wunderbare Gelegenheit, ihre Kunst auszustellen und ihre Visionen zu teilen.<\/div>\n<div class=\"source col-sm-12\">artprice<\/div>\n<\/div>\n<div class=\"quote\">\n<div class=\"text col-sm-12\">What distinguishes this fair is the diversity of the art shown; and the continued collaboration with curator Peter Funken not only sucessfully maintains a leitmotiv for the art, but it keeps the Liste\u2019s presentation-footing true to the unique aesthetics of both local Berlin, German, and international art.{\u2026} Discovery truly is the name of the game.<\/div>\n<div class=\"source col-sm-12\">EXBERLINER <\/div>\n<\/div>\n<div class=\"quote\">\n<div class=\"text col-sm-12\">Moderate Preise und aufstrebende junge K\u00fcnstler machen die Berliner Liste, die zeitgleich zur Berlin Art Week stattfindet, zu einer Entdeckungstour f\u00fcr zeitgen\u00f6ssische Kunst.<\/div>\n<div class=\"source col-sm-12\">kunnst<\/div>\n<\/div>\n<div class=\"quote\">\n<div class=\"text col-sm-12\">Hier bekommen auch weniger etablierte K\u00fcnstler die Gelegenheit, eine breite K\u00e4uferschicht zu finden. Die Chancen f\u00fcr den Kunden, ein Werk zu finden, das eine Preissteigerung erf\u00e4hrt, stehen dabei ebenfalls gut.<\/div>\n<div class=\"source col-sm-12\">Zeitkunst<\/div>\n<\/div>\n<\/ul>\n<h3>Positionen aufstrebender K\u00fcnstler<\/h3>\n<p>Jede Ausgabe der Discovery Art Fair ist eine einzigartige und aussergew\u00f6hnliche Veranstaltung. Im Zentrum der sorgf\u00e4ltig kuratierten Auswahl stehen neben namhaften K\u00fcnstlern vor allem aufregende Neuentdeckungen aus allen Sparten der zeitgen\u00f6ssischen Kunst,\u00a0 ob Skulptur, Gem\u00e4lde, Fotografie oder Urban Art.\u00a0 Unsere Entdeckermessen stellen Ihnen die Newcomer-K\u00fcnstler vor, die Sie auf jeden Fall im Blick behalten sollten. Wir laden Sie zum lebendigen Austausch mit K\u00fcnstlern und Galeristen ein und freuen uns zusammen mit Sammlern und den vielen kunstliebenden Besuchern bereits heute, die Kunststars von morgen zu erleben.<\/p>\n","protected":false},"excerpt":{"rendered":"<p>Discovery Art Fair &#8211; Die Kunstmesse f\u00fcr Entdecker Discovery Art Fair Cologne &#8211; XPOST K\u00f6ln 24. \u2013 26. April 2026 | Opening 23. April 2026 Freitag \u2013 Samstag: 11:00 bis 20:00 Uhr | Sonntag: 11:00 bis 18:00 Uhr Einfach, schnell und bequem &#8211; HIER geht es zu unseren Online-Tickets. Discovery Art Fair Frankfurt &#8211; Messe [&hellip;]<\/p>\n","protected":false},"author":1,"featured_media":0,"parent":0,"menu_order":0,"comment_status":"closed","ping_status":"closed","template":"","meta":{"footnotes":""},"_links":{"self":[{"href":"https:\/\/discoveryartfair.com\/de\/wp-json\/wp\/v2\/pages\/4497"}],"collection":[{"href":"https:\/\/discoveryartfair.com\/de\/wp-json\/wp\/v2\/pages"}],"about":[{"href":"https:\/\/discoveryartfair.com\/de\/wp-json\/wp\/v2\/types\/page"}],"author":[{"embeddable":true,"href":"https:\/\/discoveryartfair.com\/de\/wp-json\/wp\/v2\/users\/1"}],"replies":[{"embeddable":true,"href":"https:\/\/discoveryartfair.com\/de\/wp-json\/wp\/v2\/comments?post=4497"}],"version-history":[{"count":109,"href":"https:\/\/discoveryartfair.com\/de\/wp-json\/wp\/v2\/pages\/4497\/revisions"}],"predecessor-version":[{"id":11470,"href":"https:\/\/discoveryartfair.com\/de\/wp-json\/wp\/v2\/pages\/4497\/revisions\/11470"}],"wp:attachment":[{"href":"https:\/\/discoveryartfair.com\/de\/wp-json\/wp\/v2\/media?parent=4497"}],"curies":[{"name":"wp","href":"https:\/\/api.w.org\/{rel}","templated":true}]}}