{"id":4482,"date":"2016-02-23T13:52:39","date_gmt":"2016-02-23T13:52:39","guid":{"rendered":"http:\/\/berliner-liste.com\/de\/contact\/"},"modified":"2025-01-16T11:37:21","modified_gmt":"2025-01-16T11:37:21","slug":"kontakt","status":"publish","type":"page","link":"https:\/\/discoveryartfair.com\/de\/kontakt\/","title":{"rendered":"Kontakt"},"content":{"rendered":"<h1 class=\"main entry-title\">Impressum &amp; Kontakt<\/h1>\n<div class=\"row\">\n<div class=\"col-sm-6\"><strong>DISCOVERY ART FAIR<\/strong><br \/>\nc\/o the working smarter group GmbH<\/p>\n<p>Gro\u00dfstra\u00dfe 52<br \/>\nD-14929 Treuenbrietzen<br \/>\nGermany<br \/>\nPhone.: <a href=\"tel:004933748 212199\">+49 (0)33748 212199<\/a><br \/>\nE-mail: info[at]discoveryartfair.com<\/p>\n<p>Mo. \u2013 Fr. 10:00 &#8211; 18:00<\/p><\/div>\n<div class=\"col-sm-6\">\n<div class=\"wpcf7 no-js\" id=\"wpcf7-f4301-o1\" lang=\"en-US\" dir=\"ltr\">\n<div class=\"screen-reader-response\">\n<p role=\"status\" aria-live=\"polite\" aria-atomic=\"true\">\n<ul><\/ul>\n<\/div>\n<form action=\"\/de\/wp-json\/wp\/v2\/pages\/4482#wpcf7-f4301-o1\" method=\"post\" class=\"wpcf7-form init\" aria-label=\"Contact form\" novalidate=\"novalidate\" data-status=\"init\">\n<div style=\"display: none;\">\n<input type=\"hidden\" name=\"_wpcf7\" value=\"4301\" \/><br \/>\n<input type=\"hidden\" name=\"_wpcf7_version\" value=\"5.9.3\" \/><br \/>\n<input type=\"hidden\" name=\"_wpcf7_locale\" value=\"en_US\" \/><br \/>\n<input type=\"hidden\" name=\"_wpcf7_unit_tag\" value=\"wpcf7-f4301-o1\" \/><br \/>\n<input type=\"hidden\" name=\"_wpcf7_container_post\" value=\"0\" \/><br \/>\n<input type=\"hidden\" name=\"_wpcf7_posted_data_hash\" value=\"\" \/>\n<\/div>\n<div class=\"form-group\">\n<p><span class=\"wpcf7-form-control-wrap\" data-name=\"your-name\"><input size=\"40\" class=\"wpcf7-form-control wpcf7-text wpcf7-validates-as-required form-control\" id=\"yourName\" aria-required=\"true\" aria-invalid=\"false\" placeholder=\"Name\" value=\"\" type=\"text\" name=\"your-name\" \/><\/span>\n\t<\/p>\n<\/div>\n<div class=\"form-group\">\n<p><span class=\"wpcf7-form-control-wrap\" data-name=\"your-email\"><input size=\"40\" class=\"wpcf7-form-control wpcf7-email wpcf7-validates-as-required wpcf7-text wpcf7-validates-as-email form-control\" id=\"yourEmail\" aria-required=\"true\" aria-invalid=\"false\" placeholder=\"Email\" value=\"\" type=\"email\" name=\"your-email\" \/><\/span>\n\t<\/p>\n<\/div>\n<div class=\"form-group\">\n<p><span class=\"wpcf7-form-control-wrap\" data-name=\"your-message\"><textarea cols=\"40\" rows=\"10\" class=\"wpcf7-form-control wpcf7-textarea wpcf7-validates-as-required form-control\" id=\"yourMessage\" aria-required=\"true\" aria-invalid=\"false\" placeholder=\"Message\" name=\"your-message\"><\/textarea><\/span>\n\t<\/p>\n<\/div>\n<div class=\"form-group\">\n<p><span class=\"wpcf7-form-control-wrap kc_captcha\" data-name=\"kc_captcha\"><span class=\"wpcf7-form-control wpcf7-radio\"><span class=\"captcha-image\" ><span class=\"cf7ic_instructions\">Please prove you are human by selecting the<span> tree<\/span>.<\/span><label><input aria-label=\"1\" type=\"radio\" name=\"kc_captcha\" value=\"bot\" \/><svg width=\"50\" height=\"50\" aria-hidden=\"true\" role=\"img\" xmlns=\"http:\/\/www.w3.org\/2000\/svg\" viewBox=\"0 0 640 512\"><path fill=\"currentColor\" d=\"M192 384h192c53 0 96-43 96-96h32a128 128 0 000-256H120c-13 0-24 11-24 24v232c0 53 43 96 96 96zM512 96a64 64 0 010 128h-32V96h32zm48 384H48c-47 0-61-64-36-64h584c25 0 11 64-36 64z\"\/><\/svg><\/label><label><input aria-label=\"2\" type=\"radio\" name=\"kc_captcha\" value=\"bot\" \/><svg width=\"50\" height=\"50\" aria-hidden=\"true\" role=\"img\" xmlns=\"http:\/\/www.w3.org\/2000\/svg\" viewBox=\"0 0 512 512\"><path fill=\"currentColor\" d=\"M512 176a176 176 0 01-209 173l-24 27a24 24 0 01-18 8h-37v40c0 13-11 24-24 24h-40v40c0 13-11 24-24 24H24c-13 0-24-11-24-24v-78c0-6 3-13 7-17l162-162a176 176 0 11343-55zm-176-48a48 48 0 1096 0 48 48 0 00-96 0z\"\/><\/svg><\/label><label><input aria-label=\"3\" type=\"radio\" name=\"kc_captcha\" value=\"kc_human\" \/><svg width=\"50\" height=\"50\" aria-hidden=\"true\" role=\"img\" xmlns=\"http:\/\/www.w3.org\/2000\/svg\" viewBox=\"0 0 384 512\"><path fill=\"currentColor\" d=\"M377 375l-83-87h34c21 0 32-25 17-40l-82-88h33c21 0 32-25 18-40L210 8c-10-11-26-11-36 0L70 120c-14 15-3 40 18 40h33l-82 88c-15 15-4 40 17 40h34L7 375c-15 16-4 41 17 41h120c0 33-11 49-34 68-12 9-5 28 10 28h144c15 0 22-19 10-28-20-16-34-32-34-68h120c21 0 32-25 17-41z\"\/><\/svg><\/label><br \/>\n    <\/span><br \/>\n    <span style=\"display:none\"><br \/>\n        <input type=\"text\" name=\"kc_honeypot\"><br \/>\n    <\/span><\/span><\/span>\n\t<\/p>\n<\/div>\n<div class=\"form-group center\">\n<p><button type=\"submit\" class=\"btn btn-large btn-primary\"><i class=\"material-icons\">done<\/i><\/button>\n\t<\/p>\n<\/div>\n<p style=\"display: none !important;\" class=\"akismet-fields-container\" data-prefix=\"_wpcf7_ak_\"><label>&#916;<textarea name=\"_wpcf7_ak_hp_textarea\" cols=\"45\" rows=\"8\" maxlength=\"100\"><\/textarea><\/label><input type=\"hidden\" id=\"ak_js_1\" name=\"_wpcf7_ak_js\" value=\"75\"\/><script>document.getElementById( \"ak_js_1\" ).setAttribute( \"value\", ( new Date() ).getTime() );<\/script><\/p>\n<div class=\"wpcf7-response-output\" aria-hidden=\"true\"><\/div>\n<\/form>\n<\/div>\n<\/div>\n<\/div>\n<div class=\"separator\"><\/div>\n<h2 class=\"main\">Impressum<\/h2>\n<p>Angaben gem\u00e4\u00df \u00a7 5 Telemediengesetz (TMG):<\/p>\n<p><strong>The Working Smarter Group GmbH<\/strong><br \/>\nGro\u00dfstra\u00dfe 52<br \/>\n14929 Treuenbrietzen<\/p>\n<p>Vertreten durch:<br \/>\nJ\u00f6rgen Golz (Gesch\u00e4ftsf\u00fchrer)<\/p>\n<p>Kontakt<br \/>\nTelefon: +49 (0)33748 212199<br \/>\nE-Mail: info[at]discoveryartfair.com<\/p>\n<p>Handelsregister Amtsgericht Potsdam<br \/>\nRegisternummer: HRB 34394 P<\/p>\n<p>Umsatzsteuer-ID-Nummer (\u00a7 27a des Umsatzsteuergesetzes): DE 183 707 298<br \/>\nEORI-Nummer: DE732494543876614<\/p>\n<p><strong>Haftung<\/strong><\/p>\n<p>Wir sind fu\u0308r die Inhalte unserer Internetseiten nach den Ma\u00dfgaben der allgemeinen Gesetze, insbesondere nach \u00a7 7 Abs. 1 des Telemediengesetzes, verantwortlich. Alle Inhalte werden mit der gebotenen Sorgfalt und nach bestem Wissen erstellt. Soweit wir auf unseren Internetseiten mittels Hyperlink auf Internetseiten Dritter verweisen, ko\u0308nnen wir keine Gewa\u0308hr fu\u0308r die fortwa\u0308hrende Aktualita\u0308t, Richtigkeit und Vollsta\u0308ndigkeit der verlinkten Inhalte u\u0308bernehmen, da diese Inhalte au\u00dferhalb unseres Verantwortungsbereichs liegen und wir auf die zuku\u0308nftige Gestaltung keinen Einfluss haben. Sollten aus Ihrer Sicht Inhalte gegen geltendes Recht versto\u00dfen oder unangemessen sein, teilen Sie uns dies bitte mit. <\/p>\n<p>Die rechtlichen Hinweise auf dieser Seite sowie alle Fragen und Streitigkeiten im Zusammenhang mit der Gestaltung dieser Internetseite unterliegen dem Recht der Bundesrepublik Deutschland.<\/p>\n<p><strong>Urheberrecht<\/strong><\/p>\n<p>Die auf unserer Internetseite vorhandenen Texte, Bilder, Fotos, Videos oder Grafiken unterliegen in der Regel dem Schutz des Urheberrechts. Jede<br \/>\nunberechtigte Verwendung (insbesondere die Vervielfa\u0308ltigung, Bearbeitung oder Verbreitung) dieser urheberrechtsgeschu\u0308tzten Inhalte ist daher untersagt. Wenn Sie beabsichtigen, diese Inhalte oder Teile davon zu verwenden, kontaktieren Sie uns bitte im Voraus unter den oben stehenden Angaben. Soweit wir nicht selbst Inhaber der beno\u0308tigten urheberrechtlichen Nutzungsrechte sein sollten, bemu\u0308hen wir uns, einen Kontakt zum Berechtigten zu vermitteln. <\/p>\n<div class=\"separator\"><\/div>\n<p><a href=\"https:\/\/discoveryartfair.com\/wp-content\/uploads\/2024\/02\/AGBs-The-Working-Smarter-Group-GmbH-Dezember-2022.pdf\">Allgemeine Gesch\u00e4ftsbedingungen<\/a><\/p>\n","protected":false},"excerpt":{"rendered":"<p>Impressum &amp; Kontakt Impressum Angaben gem\u00e4\u00df \u00a7 5 Telemediengesetz (TMG): The Working Smarter Group GmbH Gro\u00dfstra\u00dfe 52 14929 Treuenbrietzen Vertreten durch: J\u00f6rgen Golz (Gesch\u00e4ftsf\u00fchrer) Kontakt Telefon: +49 (0)33748 212199 E-Mail: info[at]discoveryartfair.com Handelsregister Amtsgericht Potsdam Registernummer: HRB 34394 P Umsatzsteuer-ID-Nummer (\u00a7 27a des Umsatzsteuergesetzes): DE 183 707 298 EORI-Nummer: DE732494543876614 Haftung Wir sind fu\u0308r die Inhalte [&hellip;]<\/p>\n","protected":false},"author":1,"featured_media":0,"parent":0,"menu_order":0,"comment_status":"closed","ping_status":"closed","template":"","meta":{"footnotes":""},"_links":{"self":[{"href":"https:\/\/discoveryartfair.com\/de\/wp-json\/wp\/v2\/pages\/4482"}],"collection":[{"href":"https:\/\/discoveryartfair.com\/de\/wp-json\/wp\/v2\/pages"}],"about":[{"href":"https:\/\/discoveryartfair.com\/de\/wp-json\/wp\/v2\/types\/page"}],"author":[{"embeddable":true,"href":"https:\/\/discoveryartfair.com\/de\/wp-json\/wp\/v2\/users\/1"}],"replies":[{"embeddable":true,"href":"https:\/\/discoveryartfair.com\/de\/wp-json\/wp\/v2\/comments?post=4482"}],"version-history":[{"count":22,"href":"https:\/\/discoveryartfair.com\/de\/wp-json\/wp\/v2\/pages\/4482\/revisions"}],"predecessor-version":[{"id":11085,"href":"https:\/\/discoveryartfair.com\/de\/wp-json\/wp\/v2\/pages\/4482\/revisions\/11085"}],"wp:attachment":[{"href":"https:\/\/discoveryartfair.com\/de\/wp-json\/wp\/v2\/media?parent=4482"}],"curies":[{"name":"wp","href":"https:\/\/api.w.org\/{rel}","templated":true}]}}