{"id":4469,"date":"2016-02-23T13:52:15","date_gmt":"2016-02-23T13:52:15","guid":{"rendered":"http:\/\/berliner-liste.com\/de\/press-department\/"},"modified":"2026-03-11T19:41:00","modified_gmt":"2026-03-11T19:41:00","slug":"presse","status":"publish","type":"page","link":"https:\/\/discoveryartfair.com\/de\/presse\/","title":{"rendered":"Presse"},"content":{"rendered":"<h1 class=\"main entry-title\">Presse Kontakt<\/h1>\n<p><strong>Linda Cerna<\/strong><br \/>\nHead of Communication<br \/>\nEmail: <a href=\"mailto:cerna@discoveryartfair.com\">cerna@discoveryartfair.com<\/a><br \/>\nTel.: <a href=\"tel:004915125699371\">+49 (0)151 25699371<\/a><\/p>\n<p><strong>Klaudia Kelleh<\/strong><br \/>\nSocial Media | Marketing<br \/>\nEmail: <a href=\"mailto:kelleh@discoveryartfair.com\">kelleh@discoveryartfair.com<\/a><br \/>\nTel.: <a href=\"tel:00491711638830\">+49 (0)171 163 88 30<\/a><\/p>\n<p>Presserundgang am Er\u00f6ffnungstag der Discovery Art Fair Cologne | Donnerstag, 23. April 2026, 13 Uhr<\/p>\n<p><a href=\"https:\/\/discoveryartfair.com\/wp-content\/uploads\/2026\/03\/Pressetext_DAF-Cologne-2026.pdf\">Aktuelle Pressemitteilung der Discovery Art Fair Cologne 2026 zum Download<\/a> (deutsch)<\/p>\n<p>F\u00fcr Presseanfragen, Fotomaterial oder Terminvereinbarungen stehen wir Ihnen als Ansprechpartnerinnen jederzeit gerne pers\u00f6nlich zur Verf\u00fcgung.<\/p>\n<p>Wenn Sie in unseren Presseverteiler aufgenommen werden m\u00f6chten, schicken Sie bitte eine Email an den oben stehenden Kontakt.<\/p>\n<div class=\"separator\"><\/div>\n","protected":false},"excerpt":{"rendered":"<p>Presse Kontakt Linda Cerna Head of Communication Email: cerna@discoveryartfair.com Tel.: +49 (0)151 25699371 Klaudia Kelleh Social Media | Marketing Email: kelleh@discoveryartfair.com Tel.: +49 (0)171 163 88 30 Presserundgang am Er\u00f6ffnungstag der Discovery Art Fair Cologne | Donnerstag, 23. April 2026, 13 Uhr Aktuelle Pressemitteilung der Discovery Art Fair Cologne 2026 zum Download (deutsch) F\u00fcr Presseanfragen, [&hellip;]<\/p>\n","protected":false},"author":1,"featured_media":0,"parent":0,"menu_order":0,"comment_status":"closed","ping_status":"closed","template":"","meta":{"footnotes":""},"_links":{"self":[{"href":"https:\/\/discoveryartfair.com\/de\/wp-json\/wp\/v2\/pages\/4469"}],"collection":[{"href":"https:\/\/discoveryartfair.com\/de\/wp-json\/wp\/v2\/pages"}],"about":[{"href":"https:\/\/discoveryartfair.com\/de\/wp-json\/wp\/v2\/types\/page"}],"author":[{"embeddable":true,"href":"https:\/\/discoveryartfair.com\/de\/wp-json\/wp\/v2\/users\/1"}],"replies":[{"embeddable":true,"href":"https:\/\/discoveryartfair.com\/de\/wp-json\/wp\/v2\/comments?post=4469"}],"version-history":[{"count":57,"href":"https:\/\/discoveryartfair.com\/de\/wp-json\/wp\/v2\/pages\/4469\/revisions"}],"predecessor-version":[{"id":11498,"href":"https:\/\/discoveryartfair.com\/de\/wp-json\/wp\/v2\/pages\/4469\/revisions\/11498"}],"wp:attachment":[{"href":"https:\/\/discoveryartfair.com\/de\/wp-json\/wp\/v2\/media?parent=4469"}],"curies":[{"name":"wp","href":"https:\/\/api.w.org\/{rel}","templated":true}]}}